{"id":456,"date":"2017-01-25T10:33:09","date_gmt":"2017-01-25T09:33:09","guid":{"rendered":"https:\/\/capellamallorquina.com\/es\/?page_id=456"},"modified":"2017-01-25T10:35:22","modified_gmt":"2017-01-25T09:35:22","slug":"concierto-benefico-mallorca-sense-fam","status":"publish","type":"page","link":"https:\/\/capellamallorquina.com\/es\/concierto-benefico-mallorca-sense-fam\/","title":{"rendered":"Concierto Ben\u00e9fico para Mallorca Sense Fam"},"content":{"rendered":"<p>El pr\u00f3ximo Jueves 9 de Febrero la Capella Mallorquina ofrecer\u00e1 un concierto ben\u00e9fico a favor de Mallorca Sense Fam en la Iglesia de la Santa Creu de Palma. Ser\u00e1 un interesante programa que contar\u00e1 con la participaci\u00f3n como solistas de las sopranos Agnieszka Ceglowska y Gloria Ber\u00f3n, acompa\u00f1adas al piano por Alicia Moreno.<\/p>\n","protected":false},"excerpt":{"rendered":"<p>El pr\u00f3ximo Jueves 9 de Febrero la Capella Mallorquina ofrecer\u00e1 un concierto ben\u00e9fico a favor de Mallorca Sense Fam en la Iglesia de la Santa Creu de Palma. Ser\u00e1 un interesante programa que contar\u00e1 con la participaci\u00f3n como solistas de las sopranos Agnieszka Ceglowska y Gloria Ber\u00f3n, acompa\u00f1adas al piano por Alicia Moreno.<\/p>\n","protected":false},"author":1,"featured_media":458,"parent":0,"menu_order":0,"comment_status":"closed","ping_status":"closed","template":"","meta":[],"_links":{"self":[{"href":"https:\/\/capellamallorquina.com\/es\/wp-json\/wp\/v2\/pages\/456"}],"collection":[{"href":"https:\/\/capellamallorquina.com\/es\/wp-json\/wp\/v2\/pages"}],"about":[{"href":"https:\/\/capellamallorquina.com\/es\/wp-json\/wp\/v2\/types\/page"}],"author":[{"embeddable":true,"href":"https:\/\/capellamallorquina.com\/es\/wp-json\/wp\/v2\/users\/1"}],"replies":[{"embeddable":true,"href":"https:\/\/capellamallorquina.com\/es\/wp-json\/wp\/v2\/comments?post=456"}],"version-history":[{"count":1,"href":"https:\/\/capellamallorquina.com\/es\/wp-json\/wp\/v2\/pages\/456\/revisions"}],"predecessor-version":[{"id":457,"href":"https:\/\/capellamallorquina.com\/es\/wp-json\/wp\/v2\/pages\/456\/revisions\/457"}],"wp:featuredmedia":[{"embeddable":true,"href":"https:\/\/capellamallorquina.com\/es\/wp-json\/wp\/v2\/media\/458"}],"wp:attachment":[{"href":"https:\/\/capellamallorquina.com\/es\/wp-json\/wp\/v2\/media?parent=456"}],"curies":[{"name":"wp","href":"https:\/\/api.w.org\/{rel}","templated":true}]}}