{"id":38,"date":"2016-04-20T11:48:53","date_gmt":"2016-04-20T10:48:53","guid":{"rendered":"https:\/\/capellamallorquina.com\/?page_id=38&#038;lang=es"},"modified":"2024-05-08T16:46:40","modified_gmt":"2024-05-08T15:46:40","slug":"coral-mallorquina","status":"publish","type":"page","link":"https:\/\/capellamallorquina.com\/es\/","title":{"rendered":"Coral Mallorquina"},"content":{"rendered":"<p>[vc_row full_width=&#8221;lab-full-width&#8221;][vc_column][vc_single_image image=&#8221;92&#8243; img_size=&#8221;full&#8221;][\/vc_column][\/vc_row][vc_row][vc_column][vc_column_text]<\/p>\n<h2 style=\"text-align: center;\">Capella Mallorquina<\/h2>\n<p>Prestigiosa coral mallorquina fundada por\u00a0B. Juli\u00e0\u00a0en 1966 y dirigida desde 1999 por\u00a0<a href=\"http:\/\/www.josemariamoreno.net\/\">Jos\u00e9 Mar\u00eda Moreno<\/a>. Patrocinada por la\u00a0<a href=\"http:\/\/fundacionbarcelo.org\/\">Fundaci\u00f3 Barcel\u00f3<\/a>, desarrolla una importante Temporada de conciertos en Mallorca. Integrado por una plantilla que oscila entre los 40 y los 70 integrantes, su n\u00famero de actuaciones se aproxima al millar y posee un repertorio de m\u00e1s de 800 obras.<\/p>\n<p>Ha actuado en las m\u00e1s importantes capitales del mundo y la cr\u00edtica especializada nacional e internacional, as\u00ed como los compositores, m\u00fasicos y directores han loado siempre el alto nivel vocal de la formaci\u00f3n: en su actuaci\u00f3n en Nueva York fue considerada por el New York Times como &#8220;un grupo vocal a la altura de los mejores de Europa&#8221;.<\/p>\n<p>Ha actuado con prestigiosas orquestas, solistas y directores. Ha grabado varios CDs y sus conciertos se retransmiten habitualmente por radio y TV. Ha estrenado numerosas obras de compositores contempor\u00e1neos.<\/p>\n<p>Ha obtenido placas y medallas por sus actuaciones fuera de Mallorca as\u00ed como el reconocimiento de su tierra a trav\u00e9s de numerosos Premios.<\/p>\n<p>Entre otros, la Capella Mallorquina tiene el m\u00e9rito de haber iniciado en Mallorca una etapa hist\u00f3rica al mostrar a todos los pueblos de la isla la belleza pura del canto polif\u00f3nico, estimulando as\u00ed la creaci\u00f3n de corales que han ido surgiendo a lo largo de estos \u00faltimos 50 a\u00f1os. La Capella ha sido considerada siempre no tan solo la primera entidad mod\u00e9lica en todos los aspectos, sino tambi\u00e9n la veterana impulsora del movimiento coral de las Baleares.<\/p>\n<h4 style=\"text-align: center;\"><span style=\"color: #000000;\">Obra Cultural Patrocinada per la\u00a0<\/span><\/h4>\n<p><img loading=\"lazy\" class=\"size-medium wp-image-1892 aligncenter\" src=\"https:\/\/capellamallorquina.com\/wp-content\/uploads\/2024\/04\/CAPELLA-23-24-LOGO-FUNDACIO\u0301N-BARCELO\u0301-300x192.jpg\" alt=\"\" width=\"300\" height=\"192\" srcset=\"https:\/\/capellamallorquina.com\/wp-content\/uploads\/2024\/04\/CAPELLA-23-24-LOGO-FUNDACIO\u0301N-BARCELO\u0301-300x192.jpg 300w, https:\/\/capellamallorquina.com\/wp-content\/uploads\/2024\/04\/CAPELLA-23-24-LOGO-FUNDACIO\u0301N-BARCELO\u0301-768x491.jpg 768w, https:\/\/capellamallorquina.com\/wp-content\/uploads\/2024\/04\/CAPELLA-23-24-LOGO-FUNDACIO\u0301N-BARCELO\u0301.jpg 999w, https:\/\/capellamallorquina.com\/wp-content\/uploads\/2024\/04\/CAPELLA-23-24-LOGO-FUNDACIO\u0301N-BARCELO\u0301-806x516.jpg 806w, https:\/\/capellamallorquina.com\/wp-content\/uploads\/2024\/04\/CAPELLA-23-24-LOGO-FUNDACIO\u0301N-BARCELO\u0301-558x357.jpg 558w, https:\/\/capellamallorquina.com\/wp-content\/uploads\/2024\/04\/CAPELLA-23-24-LOGO-FUNDACIO\u0301N-BARCELO\u0301-655x419.jpg 655w\" sizes=\"(max-width: 300px) 100vw, 300px\" \/><\/p>\n<h4><\/h4>\n<h4 style=\"text-align: center;\"><span style=\"color: #000000;\">Amb el Patrocini del<\/span><\/h4>\n<p><img loading=\"lazy\" class=\"alignnone size-medium wp-image-1890 aligncenter\" src=\"https:\/\/capellamallorquina.com\/wp-content\/uploads\/2024\/04\/CAPELLA-23-24-LOGO-CONSELL-DE-MALLORCA-300x125.png\" alt=\"\" width=\"300\" height=\"125\" srcset=\"https:\/\/capellamallorquina.com\/wp-content\/uploads\/2024\/04\/CAPELLA-23-24-LOGO-CONSELL-DE-MALLORCA-300x125.png 300w, https:\/\/capellamallorquina.com\/wp-content\/uploads\/2024\/04\/CAPELLA-23-24-LOGO-CONSELL-DE-MALLORCA-1024x426.png 1024w, https:\/\/capellamallorquina.com\/wp-content\/uploads\/2024\/04\/CAPELLA-23-24-LOGO-CONSELL-DE-MALLORCA-768x320.png 768w, https:\/\/capellamallorquina.com\/wp-content\/uploads\/2024\/04\/CAPELLA-23-24-LOGO-CONSELL-DE-MALLORCA-1536x639.png 1536w, https:\/\/capellamallorquina.com\/wp-content\/uploads\/2024\/04\/CAPELLA-23-24-LOGO-CONSELL-DE-MALLORCA-1612x671.png 1612w, https:\/\/capellamallorquina.com\/wp-content\/uploads\/2024\/04\/CAPELLA-23-24-LOGO-CONSELL-DE-MALLORCA-1116x464.png 1116w, https:\/\/capellamallorquina.com\/wp-content\/uploads\/2024\/04\/CAPELLA-23-24-LOGO-CONSELL-DE-MALLORCA-806x335.png 806w, https:\/\/capellamallorquina.com\/wp-content\/uploads\/2024\/04\/CAPELLA-23-24-LOGO-CONSELL-DE-MALLORCA-558x232.png 558w, https:\/\/capellamallorquina.com\/wp-content\/uploads\/2024\/04\/CAPELLA-23-24-LOGO-CONSELL-DE-MALLORCA-655x273.png 655w, https:\/\/capellamallorquina.com\/wp-content\/uploads\/2024\/04\/CAPELLA-23-24-LOGO-CONSELL-DE-MALLORCA.png 1850w\" sizes=\"(max-width: 300px) 100vw, 300px\" \/><\/p>\n<p>[\/vc_column_text][\/vc_column][\/vc_row]<\/p>\n","protected":false},"excerpt":{"rendered":"<p>[vc_row full_width=&#8221;lab-full-width&#8221;][vc_column][vc_single_image image=&#8221;92&#8243; img_size=&#8221;full&#8221;][\/vc_column][\/vc_row][vc_row][vc_column][vc_column_text] Capella Mallorquina Prestigiosa coral mallorquina fundada por\u00a0B. Juli\u00e0\u00a0en 1966 y dirigida desde 1999 por\u00a0Jos\u00e9 Mar\u00eda Moreno. Patrocinada por la\u00a0Fundaci\u00f3 Barcel\u00f3, desarrolla una importante Temporada de conciertos en Mallorca. Integrado por una plantilla que oscila entre los 40 y los 70 integrantes, su n\u00famero de actuaciones se aproxima al millar y posee&hellip;<\/p>\n","protected":false},"author":1,"featured_media":0,"parent":0,"menu_order":0,"comment_status":"closed","ping_status":"closed","template":"","meta":[],"_links":{"self":[{"href":"https:\/\/capellamallorquina.com\/es\/wp-json\/wp\/v2\/pages\/38"}],"collection":[{"href":"https:\/\/capellamallorquina.com\/es\/wp-json\/wp\/v2\/pages"}],"about":[{"href":"https:\/\/capellamallorquina.com\/es\/wp-json\/wp\/v2\/types\/page"}],"author":[{"embeddable":true,"href":"https:\/\/capellamallorquina.com\/es\/wp-json\/wp\/v2\/users\/1"}],"replies":[{"embeddable":true,"href":"https:\/\/capellamallorquina.com\/es\/wp-json\/wp\/v2\/comments?post=38"}],"version-history":[{"count":20,"href":"https:\/\/capellamallorquina.com\/es\/wp-json\/wp\/v2\/pages\/38\/revisions"}],"predecessor-version":[{"id":1932,"href":"https:\/\/capellamallorquina.com\/es\/wp-json\/wp\/v2\/pages\/38\/revisions\/1932"}],"wp:attachment":[{"href":"https:\/\/capellamallorquina.com\/es\/wp-json\/wp\/v2\/media?parent=38"}],"curies":[{"name":"wp","href":"https:\/\/api.w.org\/{rel}","templated":true}]}}