{"id":2150,"date":"2024-12-29T14:51:09","date_gmt":"2024-12-29T13:51:09","guid":{"rendered":"https:\/\/capellamallorquina.com\/?page_id=2150"},"modified":"2024-12-29T14:52:49","modified_gmt":"2024-12-29T13:52:49","slug":"la-capella-con-la-sinfonica-en-el-principal","status":"publish","type":"page","link":"https:\/\/capellamallorquina.com\/es\/la-capella-con-la-sinfonica-en-el-principal\/","title":{"rendered":"La Capella con la Sinf\u00f3nica en el Principal"},"content":{"rendered":"\n<p>Despu\u00e9s de varios a\u00f1os, la Capella Mallorquina regresa a la Temporada de Conciertos de la Orquesta Sinf\u00f3nica de Baleares los pr\u00f3ximos d\u00edas 23 y 24 de enero en el Teatro Principal de Palma y el Auditorio de Manacor. Y ser\u00e1 para ofrecer una ambiciosa obra que se estrenar\u00e1 por primera vez en Mallorca en la versi\u00f3n de Orquesta y Coro: El \u201cRequiem for the Living\u201d (Requiem para los vivos), del compositor norteamericano Dan Forrest.<br>Cantar\u00e1n como solistas Vanessa Goikoetxea, Adri\u00e0 S\u00e1nchez y Ger\u00f3nimo Seib. Todos bajo la batuta de Jos\u00e9 Mar\u00eda Moreno.<br>La pieza fue estrenada en 2013 y que ha tenido una amplia repercusi\u00f3n tanto en Estados Unidos como en el resto del mundo.<br>La peculiaridad de este R\u00e9quiem por los vivos de Dan Forrest es que los cinco movimientos de la partitura forman una narraci\u00f3n tanto para los difuntos como para los vivos y por su lucha contra el dolor y la tristeza. La composici\u00f3n, a pesar de utilizar importantes recursos de la m\u00fasica contempor\u00e1nea como la politonalidad y la polirritmia, consigue ser muy directa y conecta f\u00e1cilmente con el oyente que queda fascinado e impactado por la belleza de las melod\u00edas y motivos musicales. Musicalmente, un trabajo importante que contiene octatonicismo, figuras r\u00edtmicas inesperadas, experimentaci\u00f3n del pol\u00edmetro, etc.<br>Un concierto imprescindible que no te puedes perder.<\/p>\n","protected":false},"excerpt":{"rendered":"<p>Despu\u00e9s de varios a\u00f1os, la Capella Mallorquina regresa a la Temporada de Conciertos de la Orquesta Sinf\u00f3nica de Baleares los pr\u00f3ximos d\u00edas 23 y 24 de enero en el Teatro Principal de Palma y el Auditorio de Manacor. Y ser\u00e1 para ofrecer una ambiciosa obra que se estrenar\u00e1 por primera vez en Mallorca en la&hellip;<\/p>\n","protected":false},"author":1,"featured_media":2146,"parent":0,"menu_order":0,"comment_status":"closed","ping_status":"closed","template":"","meta":[],"_links":{"self":[{"href":"https:\/\/capellamallorquina.com\/es\/wp-json\/wp\/v2\/pages\/2150"}],"collection":[{"href":"https:\/\/capellamallorquina.com\/es\/wp-json\/wp\/v2\/pages"}],"about":[{"href":"https:\/\/capellamallorquina.com\/es\/wp-json\/wp\/v2\/types\/page"}],"author":[{"embeddable":true,"href":"https:\/\/capellamallorquina.com\/es\/wp-json\/wp\/v2\/users\/1"}],"replies":[{"embeddable":true,"href":"https:\/\/capellamallorquina.com\/es\/wp-json\/wp\/v2\/comments?post=2150"}],"version-history":[{"count":1,"href":"https:\/\/capellamallorquina.com\/es\/wp-json\/wp\/v2\/pages\/2150\/revisions"}],"predecessor-version":[{"id":2151,"href":"https:\/\/capellamallorquina.com\/es\/wp-json\/wp\/v2\/pages\/2150\/revisions\/2151"}],"wp:featuredmedia":[{"embeddable":true,"href":"https:\/\/capellamallorquina.com\/es\/wp-json\/wp\/v2\/media\/2146"}],"wp:attachment":[{"href":"https:\/\/capellamallorquina.com\/es\/wp-json\/wp\/v2\/media?parent=2150"}],"curies":[{"name":"wp","href":"https:\/\/api.w.org\/{rel}","templated":true}]}}