{"id":166,"date":"2016-09-02T07:12:13","date_gmt":"2016-09-02T06:12:13","guid":{"rendered":"https:\/\/capellamallorquina.com\/es\/?page_id=166"},"modified":"2016-09-05T15:31:30","modified_gmt":"2016-09-05T14:31:30","slug":"director-fundador","status":"publish","type":"page","link":"https:\/\/capellamallorquina.com\/es\/director-fundador\/","title":{"rendered":"Director Fundador"},"content":{"rendered":"<p>[vc_row][vc_column][vc_single_image image=&#8221;198&#8243; img_size=&#8221;large&#8221; alignment=&#8221;center&#8221;][\/vc_column][\/vc_row][vc_row][vc_column][vc_column_text]<\/p>\n<h2>Bernat Juli\u00e0<\/h2>\n<h2>Director Fundador<\/h2>\n<p>&nbsp;<\/p>\n<p>Nacido en Felanitx (Mallorca) en el a\u00f1o 1922 y fallecido en Palma en el 2012, a los seis a\u00f1os empez\u00f3 los estudios musicales con el maestro Bartomeu Vich. A los doce a\u00f1os ingres\u00f3 al seminario donde ejerci\u00f3 de organista y director de la \u201cSchola Cantorum\u201d, simultaneando la formaci\u00f3n con el estudio del piano con el maestro Antoni Torrandell y de Armon\u00eda con Rafel Vich, organista de la Catedral.<\/p>\n<p>En 1953 se traslad\u00f3 a Solesmes para profundizar en el Canto Gregoriano y la Paleograf\u00eda Musical con Pierre Gajard y Pierre Follen.<\/p>\n<p>En 1963 consigui\u00f3 el t\u00edtulo superior de piano en el Conservatorio de Valencia, traslad\u00e1ndose el mismo a\u00f1o a Roma, becado por la \u201cFundaci\u00f3n Joan March\u201d, al Instituto Pontificio de M\u00fasica. Recibe lecciones de Bartolucci y Petrassi (composici\u00f3n), Santini y Germanio (\u00d3rgano) y Baratta (gregoriano).<\/p>\n<p>Es el primer espa\u00f1ol que obtiene el premio de HONOR de COMPOSICI\u00d3N. Logra tambi\u00e9n el MAGISTERIO de CANTO GREGORIANO y DOCTORADO en TEOLOG\u00cdA por la Universidad Urbaniana. Los veranos entre 1954 y 1958 asiste a las clases de orquestaci\u00f3n y direcci\u00f3n de orquesta de Malcom Sargent en Londres y de \u00f3rgano de Hans Bachen en Colonia.<\/p>\n<p>El 1970 cre\u00f3 la Semana Internacional de \u00d3rgano considerada como pionera en Europa; el 1975, el Concurso Internacional de Guitarra \u201cAndr\u00e9s Segovia\u201d; el 1981 desde el Conservatorio impuls\u00f3 la creaci\u00f3n del Concurso Internacional de Piano \u201cFrederic Chopin\u201d.<\/p>\n<p>Con ocasi\u00f3n del 150 Aniversario de la llegada de Chopin en Mallorca el embajador de Polonia, Marian Renke, valorando la actividad \u201cchopiniana\u201d de Bernat Juli\u00e0, le impuso la MEDALLA del MERITO CULTURAL, la m\u00e1s alta distinci\u00f3n del Gobierno Polaco.<\/p>\n<p>Gracias a sus gestiones, el 1977, el Conservatorio Elemental fue elevado a la categor\u00eda de Profesional del cual fue director y profesor.<\/p>\n<p>La \u201cSociet\u00e9 de Ciencies, Arts et Lettres\u201d de Par\u00eds le otorg\u00f3 la MEDALLA de PLATA por un trabajo sobre el acento en la m\u00fasica folcl\u00f3rica y en el canto gregoriano.<\/p>\n<p>Fue presidente de la Comisi\u00f3n Diocesana de M\u00fasica. Por oposici\u00f3n, gan\u00f3 la plaza de Maestro de Capilla y m\u00e1s tarde la de Can\u00f3nigo Prefecto de M\u00fasica de la Catedral y desde 1980 es miembro de n\u00famero de la Academia de Bellas artes de San Sebasti\u00e1n de Palma.<\/p>\n<p>Por su contribuci\u00f3n a la vida musical de Mallorca, el 1991 se le concedi\u00f3 la MEDALLA del PARLAMENTO BALEAR y la MEDALLA de ORO del GOBIERNO BALEAR.<\/p>\n<p>Como compositor tiene m\u00e1s de 250 obras entre coral, \u00f3rgano, piano, guitarra y orquesta. Destacan las 12 obras para gran orquesta, entre ellas el Pino de Formentor para soprano, coro y orquesta, Nuredduna y la Divina Comedia, y otras muchas partituras corales y organ\u00edsticas. Ha mantenido estrechada relaci\u00f3n con m\u00fasicos nacionales y extranjeros de los cuales ha recibido tambi\u00e9n consejo. Hay que destacar Ernesto Halffter, Xavier Monsalvatge, Ant\u00f3n Garc\u00eda-Abril, Andr\u00e9s Segovia, Goffredo Petrassi, Angelo Gilardino y otros.<\/p>\n<p>En el a\u00f1o 1966 fund\u00f3 su gran creaci\u00f3n, la Capella Mallorquina, que dirigi\u00f3 hasta el 1999. Durante estos 33 a\u00f1os ofreci\u00f3 conciertos por todo el mundo consiguiendo el respeto y admiraci\u00f3n de p\u00fablico y cr\u00edtica de Europa, Am\u00e9rica y Asia.<\/p>\n<p>[\/vc_column_text][\/vc_column][\/vc_row]<\/p>\n","protected":false},"excerpt":{"rendered":"<p>[vc_row][vc_column][vc_single_image image=&#8221;198&#8243; img_size=&#8221;large&#8221; alignment=&#8221;center&#8221;][\/vc_column][\/vc_row][vc_row][vc_column][vc_column_text] Bernat Juli\u00e0 Director Fundador &nbsp; Nacido en Felanitx (Mallorca) en el a\u00f1o 1922 y fallecido en Palma en el 2012, a los seis a\u00f1os empez\u00f3 los estudios musicales con el maestro Bartomeu Vich. A los doce a\u00f1os ingres\u00f3 al seminario donde ejerci\u00f3 de organista y director de la \u201cSchola Cantorum\u201d, simultaneando&hellip;<\/p>\n","protected":false},"author":1,"featured_media":198,"parent":0,"menu_order":0,"comment_status":"closed","ping_status":"closed","template":"","meta":[],"_links":{"self":[{"href":"https:\/\/capellamallorquina.com\/es\/wp-json\/wp\/v2\/pages\/166"}],"collection":[{"href":"https:\/\/capellamallorquina.com\/es\/wp-json\/wp\/v2\/pages"}],"about":[{"href":"https:\/\/capellamallorquina.com\/es\/wp-json\/wp\/v2\/types\/page"}],"author":[{"embeddable":true,"href":"https:\/\/capellamallorquina.com\/es\/wp-json\/wp\/v2\/users\/1"}],"replies":[{"embeddable":true,"href":"https:\/\/capellamallorquina.com\/es\/wp-json\/wp\/v2\/comments?post=166"}],"version-history":[{"count":7,"href":"https:\/\/capellamallorquina.com\/es\/wp-json\/wp\/v2\/pages\/166\/revisions"}],"predecessor-version":[{"id":1181,"href":"https:\/\/capellamallorquina.com\/es\/wp-json\/wp\/v2\/pages\/166\/revisions\/1181"}],"wp:featuredmedia":[{"embeddable":true,"href":"https:\/\/capellamallorquina.com\/es\/wp-json\/wp\/v2\/media\/198"}],"wp:attachment":[{"href":"https:\/\/capellamallorquina.com\/es\/wp-json\/wp\/v2\/media?parent=166"}],"curies":[{"name":"wp","href":"https:\/\/api.w.org\/{rel}","templated":true}]}}