{"id":162,"date":"2016-09-02T07:11:09","date_gmt":"2016-09-02T06:11:09","guid":{"rendered":"https:\/\/capellamallorquina.com\/es\/?page_id=162"},"modified":"2025-08-12T10:49:00","modified_gmt":"2025-08-12T09:49:00","slug":"integrantes","status":"publish","type":"page","link":"https:\/\/capellamallorquina.com\/es\/integrantes\/","title":{"rendered":"Integrantes"},"content":{"rendered":"<p>[vc_row][vc_column][vc_single_image image=&#8221;4&#8243; img_size=&#8221;large&#8221; alignment=&#8221;center&#8221;][\/vc_column][\/vc_row][vc_row][vc_column][vc_column_text]<\/p>\n<h2 style=\"text-align: center;\"><span style=\"color: #00ccff;\">Director Musical y Art\u00edstico<\/span><\/h2>\n<p style=\"text-align: center;\">Jos\u00e9 Mar\u00eda Moreno<\/p>\n<h2 style=\"text-align: center;\"><span style=\"color: #00ccff;\">Subdirector<\/span><\/h2>\n<p style=\"text-align: center;\">Jos\u00e9 Mart\u00ednez<\/p>\n<h2 style=\"text-align: center;\"><span style=\"color: #00ccff;\">Asistentes de Direcci\u00f3n<\/span><\/h2>\n<p style=\"text-align: center;\">Marga Pons \u00b7 M\u00aa \u00c1ngeles Ram\u00f3n \u00b7 Marta Corporales<\/p>\n<h2 style=\"text-align: center;\"><span style=\"color: #00ccff;\">Pianista y Directora Asistente<\/span><\/h2>\n<p style=\"text-align: center;\">Alicia Moreno<\/p>\n<h2 style=\"text-align: center;\"><span style=\"color: #00ccff;\">Profesor de T\u00e9cnica Vocal<\/span><\/h2>\n<p style=\"text-align: center;\">Ger\u00f3nimo Seib<\/p>\n<h2 style=\"text-align: center;\"><span style=\"color: #00ccff;\">Organistas<\/span><\/h2>\n<p style=\"text-align: center;\">Bartomeu Veny i Bartomeu Manresa<\/p>\n<h2 style=\"text-align: center;\"><span style=\"color: #00ccff;\">Sopranos<\/span><\/h2>\n<p style=\"text-align: center;\">Ana D\u00edaz<\/p>\n<p style=\"text-align: center;\">Aina Conde<\/p>\n<p style=\"text-align: center;\">Ana M\u00aa Valero<\/p>\n<p style=\"text-align: center;\">Anna Kondrashina<\/p>\n<p style=\"text-align: center;\">Ant\u00f2nia Llabr\u00e9s<\/p>\n<p style=\"text-align: center;\">Bel\u00e9n Trapero<\/p>\n<p style=\"text-align: center;\">Carme Mart\u00ednez<\/p>\n<p style=\"text-align: center;\">Elena Nosova<\/p>\n<p style=\"text-align: center;\">Francisca Maria Buades<\/p>\n<p style=\"text-align: center;\">Greta Giacore<\/p>\n<p style=\"text-align: center;\">Iolanda Trilla<\/p>\n<p style=\"text-align: center;\">Irina Panasyuk<\/p>\n<p style=\"text-align: center;\">Margarita Hita<\/p>\n<p style=\"text-align: center;\">Mari Carmen Oliva<\/p>\n<p style=\"text-align: center;\">Maria Montserrat<\/p>\n<p style=\"text-align: center;\">Maribel Pons<\/p>\n<p style=\"text-align: center;\">Maria Morales<\/p>\n<p style=\"text-align: center;\">Maria Perell\u00f3<\/p>\n<p style=\"text-align: center;\">Maria Pau Sancho<\/p>\n<p style=\"text-align: center;\">Marisa Vila<\/p>\n<p style=\"text-align: center;\">Marta Corporales<\/p>\n<p style=\"text-align: center;\">Natividad Lomas<\/p>\n<p style=\"text-align: center;\">Olga Sain<\/p>\n<p style=\"text-align: center;\">Polina Pulnikova<\/p>\n<p style=\"text-align: center;\">Rosa Palmer<\/p>\n<p style=\"text-align: center;\">Sonia Aguareles<\/p>\n<p style=\"text-align: center;\">Svetlana Herzog<\/p>\n<p style=\"text-align: center;\">Ver\u00f3nica Loposhko<\/p>\n<p style=\"text-align: center;\">Vicky Altuna<\/p>\n<p style=\"text-align: center;\">Yolanda Trilla<\/p>\n<h2 style=\"text-align: center;\"><span style=\"color: #00ccff;\">Mezzosopranos<\/span><\/h2>\n<p style=\"text-align: center;\">Ana Riesco<\/p>\n<p style=\"text-align: center;\">Carmen Baz\u00e1n<\/p>\n<p style=\"text-align: center;\">Catalina Vicens<\/p>\n<p style=\"text-align: center;\">Chany Mart\u00ednez<\/p>\n<p style=\"text-align: center;\">Francisca Negre<\/p>\n<p style=\"text-align: center;\">Irina Liulchenko<\/p>\n<p style=\"text-align: center;\">Isabel Vicens<\/p>\n<p style=\"text-align: center;\">Maria Montserrat Isern<\/p>\n<p style=\"text-align: center;\">Mari \u00c1ngeles Ram\u00f3n<\/p>\n<p style=\"text-align: center;\">Sari Alfaro<\/p>\n<h2 style=\"text-align: center;\"><span style=\"color: #00ccff;\">Contraltos<\/span><\/h2>\n<p style=\"text-align: center;\">Carmen Bauz\u00e1<\/p>\n<p style=\"text-align: center;\">Eugenia Carandell<\/p>\n<p style=\"text-align: center;\">Eva Tudela<\/p>\n<p style=\"text-align: center;\">Isabel Rodr\u00edguez<\/p>\n<p style=\"text-align: center;\">Joana Pomar<\/p>\n<p style=\"text-align: center;\">Joana Quiles<\/p>\n<p style=\"text-align: center;\">Laura M. Bueno<\/p>\n<p style=\"text-align: center;\">Margarita Pons<\/p>\n<p style=\"text-align: center;\">Maria Ant\u00f2nia Gimeno<\/p>\n<p style=\"text-align: center;\">Marta Calafat<\/p>\n<p style=\"text-align: center;\">Pilar Pons<\/p>\n<p style=\"text-align: center;\">Tina de Oleza<\/p>\n<h2 style=\"text-align: center;\"><span style=\"color: #00ccff;\">Tenores<\/span><\/h2>\n<p style=\"text-align: center;\">Bernat Cabot<\/p>\n<p style=\"text-align: center;\">C\u00e9sar Augusto Gordillo<\/p>\n<p style=\"text-align: center;\">Ernesto Villaroel<\/p>\n<p style=\"text-align: center;\">Francisco Javier Morales<\/p>\n<p style=\"text-align: center;\">Francisco Jos\u00e9 D\u00edaz<\/p>\n<p style=\"text-align: center;\">Ger\u00f3nimo Seib<\/p>\n<p style=\"text-align: center;\">Jos\u00e9 Mart\u00ednez<\/p>\n<p style=\"text-align: center;\">Lloren\u00e7 Ginard<\/p>\n<p style=\"text-align: center;\">Miquel Fiol<\/p>\n<p style=\"text-align: center;\">Rafael Mu\u00f1oz<\/p>\n<p style=\"text-align: center;\">Santiago Hern\u00e1iz<\/p>\n<p style=\"text-align: center;\">Sebasti\u00e1n Mu\u00f1oz S\u00e1nchez<\/p>\n<p style=\"text-align: center;\">V\u00edktor Nosov<\/p>\n<h2 style=\"text-align: center;\"><span style=\"color: #00ccff;\">Bar\u00edtonos-Bajos<\/span><\/h2>\n<p style=\"text-align: center;\">Agust\u00ed Moy\u00e1<\/p>\n<p style=\"text-align: center;\"><span style=\"font-family: inherit; font-size: inherit;\">Bartomeu Palou<\/span><\/p>\n<p style=\"text-align: center;\"><span style=\"font-family: inherit; font-size: inherit;\">Eduardo Ot\u00f3n<\/span><\/p>\n<p style=\"text-align: center;\"><span style=\"font-family: inherit; font-size: inherit;\">Francisco Ropero<\/span><\/p>\n<p style=\"text-align: center;\"><span style=\"font-family: inherit; font-size: inherit;\">Francesc Juli\u00e0 Estrades<\/span><\/p>\n<p style=\"text-align: center;\">Joan Calafell<\/p>\n<p style=\"text-align: center;\">Juan Carlos Reyes<\/p>\n<p style=\"text-align: center;\">Mateu Picornell<\/p>\n<p style=\"text-align: center;\">Pau Bernat<\/p>\n<p style=\"text-align: center;\">Pedro Delgado<\/p>\n<p style=\"text-align: center;\">Pere Emili Sebasti\u00e1n Mu\u00f1oz Mu\u00f1oz<\/p>\n<p style=\"text-align: center;\">Tomeu Palou<\/p>\n<p style=\"text-align: center;\">\u00d3scar Obrador<\/p>\n<p>[\/vc_column_text][\/vc_column][\/vc_row]<\/p>\n","protected":false},"excerpt":{"rendered":"<p>[vc_row][vc_column][vc_single_image image=&#8221;4&#8243; img_size=&#8221;large&#8221; alignment=&#8221;center&#8221;][\/vc_column][\/vc_row][vc_row][vc_column][vc_column_text] Director Musical y Art\u00edstico Jos\u00e9 Mar\u00eda Moreno Subdirector Jos\u00e9 Mart\u00ednez Asistentes de Direcci\u00f3n Marga Pons \u00b7 M\u00aa \u00c1ngeles Ram\u00f3n \u00b7 Marta Corporales Pianista y Directora Asistente Alicia Moreno Profesor de T\u00e9cnica Vocal Ger\u00f3nimo Seib Organistas Bartomeu Veny i Bartomeu Manresa Sopranos Ana D\u00edaz Aina Conde Ana M\u00aa Valero Anna Kondrashina Ant\u00f2nia&hellip;<\/p>\n","protected":false},"author":1,"featured_media":4,"parent":0,"menu_order":0,"comment_status":"closed","ping_status":"closed","template":"","meta":[],"_links":{"self":[{"href":"https:\/\/capellamallorquina.com\/es\/wp-json\/wp\/v2\/pages\/162"}],"collection":[{"href":"https:\/\/capellamallorquina.com\/es\/wp-json\/wp\/v2\/pages"}],"about":[{"href":"https:\/\/capellamallorquina.com\/es\/wp-json\/wp\/v2\/types\/page"}],"author":[{"embeddable":true,"href":"https:\/\/capellamallorquina.com\/es\/wp-json\/wp\/v2\/users\/1"}],"replies":[{"embeddable":true,"href":"https:\/\/capellamallorquina.com\/es\/wp-json\/wp\/v2\/comments?post=162"}],"version-history":[{"count":27,"href":"https:\/\/capellamallorquina.com\/es\/wp-json\/wp\/v2\/pages\/162\/revisions"}],"predecessor-version":[{"id":2265,"href":"https:\/\/capellamallorquina.com\/es\/wp-json\/wp\/v2\/pages\/162\/revisions\/2265"}],"wp:featuredmedia":[{"embeddable":true,"href":"https:\/\/capellamallorquina.com\/es\/wp-json\/wp\/v2\/media\/4"}],"wp:attachment":[{"href":"https:\/\/capellamallorquina.com\/es\/wp-json\/wp\/v2\/media?parent=162"}],"curies":[{"name":"wp","href":"https:\/\/api.w.org\/{rel}","templated":true}]}}