{"id":160,"date":"2016-09-02T07:10:40","date_gmt":"2016-09-02T06:10:40","guid":{"rendered":"https:\/\/capellamallorquina.com\/es\/?page_id=160"},"modified":"2022-08-29T09:42:28","modified_gmt":"2022-08-29T08:42:28","slug":"historia","status":"publish","type":"page","link":"https:\/\/capellamallorquina.com\/es\/historia\/","title":{"rendered":"Historia"},"content":{"rendered":"<p>[vc_row][vc_column][vc_single_image image=&#8221;256&#8243; img_size=&#8221;full&#8221; alignment=&#8221;center&#8221;][\/vc_column][\/vc_row][vc_row][vc_column][vc_column_text]La Capella Mallorquina, continuadora de la gran obra musical creada por Joan M. Thom\u00e0s, la &#8220;Capella Cl\u00e1sica&#8221;, considerada en su momento como una de las m\u00e1s importantes corales, seg\u00fan cr\u00edticas tan importantes como las de Manuel de Falla, Joaqu\u00edn Rodrigo o Xavier Montsalvatge, entre otros, fue fundada por Bernat Juli\u00e0 el a\u00f1o 1966, realizando su primer concierto el 8 de junio en la Capilla de Santa Ana del Palacio de la Almudaina, en Palma de Mallorca. En 1999, la Capella inicia una importante renovaci\u00f3n: por un lado, comienza como nuevo director titular Jos\u00e9 Mar\u00eda Moreno, que con los a\u00f1os se convertir\u00e1 en una de las batutas m\u00e1s solicitadas del panorama nacional y, por otro lado, se iniciar\u00e1 un fuerte v\u00ednculo con la Fundaci\u00f3n Barcel\u00f3, que patrocinar\u00e1 a la Capella y que pasar\u00e1 a ser desde entonces Obra Cultural de la Fundaci\u00f3n Barcel\u00f3. En el a\u00f1o 2023 se celebrar\u00e1 el 25 aniversario de esta relaci\u00f3n tan positiva y fruct\u00edfera para la m\u00fasica y la cultura de Mallorca.<\/p>\n<p>La Capella Mallorquina desarrolla actualmente una importante Temporada de conciertos en Mallorca, est\u00e1 integrada por una plantilla de 60 coristas, su n\u00famero de actuaciones supera el millar y posee un repertorio de m\u00e1s de 900 obras.<\/p>\n<p>Ha actuado en las m\u00e1s importantes capitales del mundo: Berl\u00edn, Lisboa, Londres, Estocolmo, Copenhage, Viena, Mosc\u00fa, Londres, Par\u00eds, Bonn, Colonia, Munich, Praga, Varsovia, Sof\u00eda, Bucarest, Budapest, Roma, Zurich, Berna, Ginebra, Atenas, Estambul, El Cairo, Pequ\u00edn, La Habana, Nueva York, Washington, Los \u00c1ngeles, San Francisco, Bankog, Toronto, Ottawa, Montreal, Qu\u00e9bec, etc.<\/p>\n<p>La cr\u00edtica especializada nacional e internacional, as\u00ed como los compositores, m\u00fasicos y directores han loado siempre el alto nivel vocal de la formaci\u00f3n: en su actuaci\u00f3n en nueva York fue considerada por el prestigioso cr\u00edtico del New York Times, Vernon Sherwin, como \u201dun grupo vocal a la altura de los mejores de Europa\u201d. El c\u00e9lebre compositor Alberto Ginastera, despu\u00e9s de escucharla en Formentor, escrib\u00eda en el libro de la Capella: \u201cpuedo afirmar que la Capella Mallorquina es una de las grandes corales internacionales de la nuestra \u00e9poca\u201d. Otros cr\u00edticos no han dudado a la hora de destacar su admiraci\u00f3n: \u201cCoro impresionante\u201d (Midi Libre, Francia), \u201cUn concierto de gran calidad\u201d (Daily Times, Londres), \u201cT\u00e9cnica perfecta y gran concepto de la interpretaci\u00f3n\u201d (Washington Post, Washington), \u201cGran perfecci\u00f3n\u201d (La Derniere Heure, B\u00e9lgica), \u201cUno de los mejores coros que hemos escuchado\u201d (Malmoe Tidninge, Suecia), \u201cDelicada forma de interpretar m\u00fasica a capella\u201d (Magyar Hizlap, Budapest), \u201cInstrumento de alta calidad\u201d (Il Tempo, Roma), \u201cPureza de interpretaci\u00f3n y expresividad&#8221; (France Soir, Par\u00eds), \u201cFinura polif\u00f3nica sorprendente\u201d (Diario de Soria), \u201cVerdadero acontecimiento art\u00edstico\u201d (Diario da Lisboa), \u201cexcelente cohesi\u00f3n, independencia y riqueza de timbre\u2026(ABC), \u201cRotundamente, una de las mejores corales\u2026\u201d (Diario el Ferrol), \u201cDe la mejor polifon\u00eda nunca escuchada en la Catedral\u201d (Prt. Sociedad Filarm\u00f3nica de Segovia), \u201ccon un sonido homog\u00e9neo y fino, la Capella es un excelente ejemplo de la del canto y la cultura mallorquina\u201d (M\u00e4rkische Allgemeine Zeitung, Berl\u00edn), \u201cA la Capella Mallorquina con nuestra enhorabuena y afecto\u201d (D. Juan Carlos i Da. Sof\u00eda, Reyes de Espa\u00f1a. Palma), y un largo etc.<br \/>\nHa actuado habitualmente con prestigiosas orquestas, solistas y directores. Ha grabado varios CDs y sus conciertos se retransmiten habitualmente por radio y TV. Ha estrenado numerosas obras de compositores contempor\u00e1neos.<br \/>\nHa obtenido placas y medallas por sus actuaciones fuera de Mallorca as\u00ed como el reconocimiento de su tierra a trav\u00e9s de numerosos Premios: Diploma de Honor del Ayuntamiento de Palma, el Premio de los Premios de la Ciudad de Palma, Medalla de Plata de Fomento de Turismo, \u00c1ngel de la Llotja en la categor\u00eda de Oro del Govern Barlear, Medalla del C\u00edrculo de Bellas Artes, Siurell de Plata y Premio Humanidades Rotary Club.<\/p>\n<p>Bernat Juli\u00e0 dej\u00f3 la direcci\u00f3n de la Capella en el a\u00f1o 1999, momento en que pas\u00f3 a las \u00f3rdenes de uno de los j\u00f3venes m\u00fasicos con m\u00e1s proyecci\u00f3n dentro del panorama musical nacional, Jos\u00e9 Mar\u00eda Moreno, garantizando con ello la continuidad de la important\u00edsima tarea desarrollada por su creador. De la mano del nuevo director, la Capella se reestructur\u00f3, renov\u00f3 su plantilla e incorpor\u00f3 nuevas voces con el objetivo de mantener el alto list\u00f3n dejado por su predecesor.<\/p>\n<p>Los \u00faltimos a\u00f1os han destacado por la realizaci\u00f3n de algunos brillantes conciertos, como los realizados en Portugal con el Requiem de Verdi y el Stabat Mater de Rossini, el Requiem de Verdi junto a la Sinf\u00f3nica de Berl\u00edn en la Berliner Philarmonie, los conciertos con Pl\u00e1cido Domingo y Joan Pons y sus exitosos conciertos en Brandeburgo junto a la Orquesta Sinf\u00f3nica de Brandeburgo y los de Berl\u00edn y Hamburgo junto al tenor Roberto Alagna. Tambi\u00e9n fueron especialmente destacados los de Augsburgo, Colonia y Aquisgr\u00e1n, la actuaci\u00f3n ante SSMM los Reyes de Espa\u00f1a, la gira de conciertos por Canad\u00e1 con actuaciones en Montreal, Qu\u00e9bec, Toronto y Ottawa y las de la Sala Nervi del Vaticano, en la Bas\u00edlica y la Plaza de San Pedro del Vaticano ante Su Santidad el Papa Juan Pablo II y m\u00e1s de 30.000 personas. El verano de 2016, con motivo de los actos de celebraci\u00f3n de su 50 Aniversario, realiz\u00f3 dos exitosos conciertos en San Petersburgo.<\/p>\n<p>Entre las grandes obras sinf\u00f3nico-corales incorporadas al repertorio recientemente destacan The Armed Man de K. Jenkins, la Misa de Gloria y el Stabat Mater de Rossini, el R\u00e9quiem y la Misa de la Coronaci\u00f3n de Mozart, el Oratorio de Navidad de Bach,\u00a0 la\u00a0 Carmina Burana de Orff,\u00a0 el R\u00e9quiem de Brahms, la Novena Sinfon\u00eda y la Fantas\u00eda Coral\u00a0 de Beethoven, La Sinfon\u00eda n\u00ba 2 de Mendelssohn, el Mes\u00edas de Haendel, la Misa de Gloria de G. Puccini, la Fantas\u00eda Korea de Ekitay Ahn, el Canticum Paschale de A. Martorell, el Stabat Mater de Pergolesi,\u00a0 la Divina Comedia de B. Juli\u00e0, La Traviata y el Requiem de Verdi, Cavalleria Rusticana de Mascagni, etc.[\/vc_column_text][\/vc_column][\/vc_row]<\/p>\n","protected":false},"excerpt":{"rendered":"<p>[vc_row][vc_column][vc_single_image image=&#8221;256&#8243; img_size=&#8221;full&#8221; alignment=&#8221;center&#8221;][\/vc_column][\/vc_row][vc_row][vc_column][vc_column_text]La Capella Mallorquina, continuadora de la gran obra musical creada por Joan M. Thom\u00e0s, la &#8220;Capella Cl\u00e1sica&#8221;, considerada en su momento como una de las m\u00e1s importantes corales, seg\u00fan cr\u00edticas tan importantes como las de Manuel de Falla, Joaqu\u00edn Rodrigo o Xavier Montsalvatge, entre otros, fue fundada por Bernat Juli\u00e0 el a\u00f1o&hellip;<\/p>\n","protected":false},"author":1,"featured_media":0,"parent":0,"menu_order":0,"comment_status":"closed","ping_status":"closed","template":"","meta":[],"_links":{"self":[{"href":"https:\/\/capellamallorquina.com\/es\/wp-json\/wp\/v2\/pages\/160"}],"collection":[{"href":"https:\/\/capellamallorquina.com\/es\/wp-json\/wp\/v2\/pages"}],"about":[{"href":"https:\/\/capellamallorquina.com\/es\/wp-json\/wp\/v2\/types\/page"}],"author":[{"embeddable":true,"href":"https:\/\/capellamallorquina.com\/es\/wp-json\/wp\/v2\/users\/1"}],"replies":[{"embeddable":true,"href":"https:\/\/capellamallorquina.com\/es\/wp-json\/wp\/v2\/comments?post=160"}],"version-history":[{"count":9,"href":"https:\/\/capellamallorquina.com\/es\/wp-json\/wp\/v2\/pages\/160\/revisions"}],"predecessor-version":[{"id":1574,"href":"https:\/\/capellamallorquina.com\/es\/wp-json\/wp\/v2\/pages\/160\/revisions\/1574"}],"wp:attachment":[{"href":"https:\/\/capellamallorquina.com\/es\/wp-json\/wp\/v2\/media?parent=160"}],"curies":[{"name":"wp","href":"https:\/\/api.w.org\/{rel}","templated":true}]}}