{"id":147,"date":"2016-09-02T07:03:41","date_gmt":"2016-09-02T06:03:41","guid":{"rendered":"https:\/\/capellamallorquina.com\/es\/?page_id=147"},"modified":"2026-04-05T09:40:40","modified_gmt":"2026-04-05T08:40:40","slug":"agenda","status":"publish","type":"page","link":"https:\/\/capellamallorquina.com\/es\/agenda\/","title":{"rendered":"Agenda"},"content":{"rendered":"<p><strong>SEPTIEMBRE 2025<\/strong><br \/>Domingo d\u00eda 21 a las 12,30 horas:<br \/>IGLESIA DE SANT JAUME (ALCUDIA)<br \/>CONCIERTO DE M\u00daSICA DE MALLORCA<\/p>\n<hr \/>\n<p><strong>OCTUBRE 2025<\/strong><br \/>Domingo d\u00eda 5 a las 10:00 horas:<br \/>IGLESIA DE SAN MIGUEL (LLUCMAJOR)<br \/>CONCIERTO DE M\u00daSICA DE MALLORCA<\/p>\n<hr \/>\n<p><strong>OCTUBRE 2025<\/strong><br \/>Jueves d\u00eda 30 a las 20,00 horas:<br \/>IGLESIA PARROQUIAL DE POLLEN\u00c7A<br \/>Orquestra Simf\u00f2nica de Balears<br \/>Coral de Pollen\u00e7a (Dir: Joan Rossell\u00f3)<br \/>Inma Hidalgo, soprano<br \/>Director: Jos\u00e9 Mar\u00eda Moreno<br \/>SINFON\u00cdA N. 7 (A. DVORAK)<br \/>EL PI DE FORMENTOR (BERNAT JULI\u00c0-MIQUEL COSTA I LLOBERA)<\/p>\n<hr \/>\n<p><strong>NOVIEMBRE 2025<\/strong><br \/>Jueves d\u00eda 27 a las 19,30 horas:<br \/>IGLESIA SAN FELIP NERI (PALMA)<br \/>GALA L\u00cdRICA: MONOGR\u00c1FICO VERDI<br \/>CONCIERTO BEN\u00c9FICO A FAVOR DEL PROYECTO NANA Y LA FUNDACI\u00d3N JOSEP CARRERAS<\/p>\n<hr \/>\n<p><strong>DICIEMBRE 2025<br \/><\/strong>Domingo d\u00eda 21 a las 18,30 horas: <br \/>PASEO DEL BORNE<br \/>CONCIERTO DE VILLANCICOS<\/p>\n<hr \/>\n<p><strong>DICIEMBRE 2025<\/strong><br \/>Mi\u00e9rcoles d\u00eda 24 a las 20,00 horas:<br \/>IGLESIA DE SANTA CREU (PALMA)<br \/>MISA DE MAITINES<\/p>\n<hr \/>\n<p><strong>DICIEMBRE 2025<\/strong><br \/>Viernes d\u00eda 26 a las 19,30 horas:<br \/>IGLESIA DE SANTA EULALIA (PALMA)<br \/>TRADICIONAL FIESTA DE LA SIBILA<\/p>\n<hr \/>\n<p><strong>ENERO 2026<\/strong><br \/>S\u00e1bado d\u00eda 10 a las 19,00 horas:<br \/>IGLESIA DE SAN FELIU (LLUB\u00cd)<br \/>CONCIERTO DE REYES<\/p>\n<hr \/>\n<p><strong>FEBRERO 2026<\/strong><br \/>Jueves d\u00eda 5 a las 19,30 horas:<br \/>BAS\u00cdLICA DE SAN MIGUEL (PALMA)<br \/>CONCIERTO POLIF\u00d3NICO<\/p>\n<hr \/>\n<p><strong>FEBRERO 2026<\/strong><strong><br \/><\/strong>S\u00e1bado d\u00eda 28 a las 12,00 horas:<br \/>PASSEIG DEL BORN<br \/>CONCIERTO D\u00cdA DE LAS ISLAS BALEARES<\/p>\n<hr \/>\n<p><strong>MARZO 2026<\/strong><br \/>Viernes d\u00eda 6 a las 20,30 horas:<br \/>CATEDRAL DE MALLORCA<br \/>Jove Orquestra Simf\u00f2nica de Barcelona<br \/>Director: Carlos Checa<br \/>CONCIERTO PARA VIOL\u00cdN Y ORQUESTA (\u00c1NGELA LUQ) *Estreno en Espa\u00f1a<br \/>R\u00c9QUIEM (MOZART)<\/p>\n<hr \/>\n<p><strong>MARZO 2026<\/strong><br \/>Domingo d\u00eda 8 a las 17,30 horas:<br \/>PALAU DE LA M\u00daSICA CATALANA<br \/>Jove Orquestra Simf\u00f2nica de Barcelona<br \/>Director: Carlos Checa<br \/>CONCIERTO PARA VIOL\u00cdN Y ORQUESTA (\u00c1NGELA LUQ)<br \/>R\u00c9QUIEM (MOZART)<\/p>\n<hr \/>\n<p><strong>ABRIL 2026<\/strong><br \/>Jueves d\u00eda 2 a las 17,00 horas:<br \/>IGLESIA DE SANTA EULALIA (PALMA)<br \/>MISA DEL JUEVES SANTO<\/p>\n<hr \/>\n<p><strong>ABRIL 2026<\/strong><br \/>Jueves d\u00eda 30 a las 19,00 horas:<br \/>IGLESIA DE SANTA CREU (PALMA)<br \/>CONCIERTO G. F. HAENDEL<\/p>\n<hr \/>\n<p><strong>MAYO 2026<\/strong><br \/>S\u00e1bado d\u00eda 30 a las 20,00 horas:<br \/>IGLESIA DE SANT BARTOMEU (S\u00d3LLER)<br \/>GALA L\u00cdRICA<\/p>\n<hr \/>\n<p><strong>JUNIO 2026<\/strong><br \/>Jueves d\u00eda 4 a las 19,30 horas:<br \/>IGLESIA SAN FELIP NERI (PALMA)<br \/>GALA DE ZARZUELA<\/p>\n<hr \/>\n<p><strong>JULIO 2026<\/strong><br \/>Domingo d\u00eda 5 a las 17,30 horas:<br \/>TORRENTE DE PAREIS<\/p>\n<p>\u00a0<\/p>\n\n\n<p><\/p>\n","protected":false},"excerpt":{"rendered":"<p>SEPTIEMBRE 2025Domingo d\u00eda 21 a las 12,30 horas:IGLESIA DE SANT JAUME (ALCUDIA)CONCIERTO DE M\u00daSICA DE MALLORCA OCTUBRE 2025Domingo d\u00eda 5 a las 10:00 horas:IGLESIA DE SAN MIGUEL (LLUCMAJOR)CONCIERTO DE M\u00daSICA DE MALLORCA OCTUBRE 2025Jueves d\u00eda 30 a las 20,00 horas:IGLESIA PARROQUIAL DE POLLEN\u00c7AOrquestra Simf\u00f2nica de BalearsCoral de Pollen\u00e7a (Dir: Joan Rossell\u00f3)Inma Hidalgo, sopranoDirector: Jos\u00e9 Mar\u00eda&hellip;<\/p>\n","protected":false},"author":1,"featured_media":594,"parent":0,"menu_order":0,"comment_status":"closed","ping_status":"closed","template":"","meta":[],"_links":{"self":[{"href":"https:\/\/capellamallorquina.com\/es\/wp-json\/wp\/v2\/pages\/147"}],"collection":[{"href":"https:\/\/capellamallorquina.com\/es\/wp-json\/wp\/v2\/pages"}],"about":[{"href":"https:\/\/capellamallorquina.com\/es\/wp-json\/wp\/v2\/types\/page"}],"author":[{"embeddable":true,"href":"https:\/\/capellamallorquina.com\/es\/wp-json\/wp\/v2\/users\/1"}],"replies":[{"embeddable":true,"href":"https:\/\/capellamallorquina.com\/es\/wp-json\/wp\/v2\/comments?post=147"}],"version-history":[{"count":144,"href":"https:\/\/capellamallorquina.com\/es\/wp-json\/wp\/v2\/pages\/147\/revisions"}],"predecessor-version":[{"id":2447,"href":"https:\/\/capellamallorquina.com\/es\/wp-json\/wp\/v2\/pages\/147\/revisions\/2447"}],"wp:featuredmedia":[{"embeddable":true,"href":"https:\/\/capellamallorquina.com\/es\/wp-json\/wp\/v2\/media\/594"}],"wp:attachment":[{"href":"https:\/\/capellamallorquina.com\/es\/wp-json\/wp\/v2\/media?parent=147"}],"curies":[{"name":"wp","href":"https:\/\/api.w.org\/{rel}","templated":true}]}}